{"id":6476,"date":"2024-02-12T08:05:40","date_gmt":"2024-02-12T08:05:40","guid":{"rendered":"https:\/\/www.skyone.aero\/turkey\/?page_id=6476"},"modified":"2024-09-05T11:07:44","modified_gmt":"2024-09-05T11:07:44","slug":"contact-us","status":"publish","type":"page","link":"https:\/\/www.skyone.aero\/turkey\/contact-us\/","title":{"rendered":"Contact Us"},"content":{"rendered":"[vc_row type=&#8221;full_width_content&#8221; full_screen_row_position=&#8221;middle&#8221; column_margin=&#8221;custom&#8221; column_margin_custom=&#8221;8%&#8221; equal_height=&#8221;yes&#8221; content_placement=&#8221;bottom&#8221; column_direction=&#8221;default&#8221; column_direction_tablet=&#8221;default&#8221; column_direction_phone=&#8221;default&#8221; scene_position=&#8221;center&#8221; top_padding=&#8221;8%&#8221; left_padding_desktop=&#8221;8%&#8221; constrain_group_2=&#8221;yes&#8221; right_padding_desktop=&#8221;8%&#8221; top_padding_tablet=&#8221;15%&#8221; text_color=&#8221;dark&#8221; text_align=&#8221;left&#8221; row_border_radius=&#8221;none&#8221; row_border_radius_applies=&#8221;bg&#8221; overflow=&#8221;hidden&#8221; advanced_gradient=&#8221;radial-gradient(circle at top right, rgb(18, 56, 33) 4%, rgb(247,243,239) 81%)&#8221; advanced_gradient_radial_position=&#8221;top right&#8221; shape_divider_position=&#8221;bottom&#8221; bg_image_animation=&#8221;none&#8221; gradient_type=&#8221;advanced&#8221; advanced_gradient_display_type=&#8221;radial&#8221; shape_type=&#8221;&#8221;][vc_column bottom_padding_desktop=&#8221;8vw&#8221; column_element_direction_desktop=&#8221;default&#8221; column_element_spacing=&#8221;default&#8221; desktop_text_alignment=&#8221;default&#8221; tablet_text_alignment=&#8221;center&#8221; phone_text_alignment=&#8221;default&#8221; background_color_opacity=&#8221;1&#8243; background_hover_color_opacity=&#8221;1&#8243; column_backdrop_filter=&#8221;none&#8221; column_shadow=&#8221;none&#8221; column_border_radius=&#8221;none&#8221; column_link_target=&#8221;_self&#8221; column_position=&#8221;default&#8221; gradient_direction=&#8221;left_to_right&#8221; overlay_strength=&#8221;0.3&#8243; width=&#8221;1\/4&#8243; tablet_width_inherit=&#8221;default&#8221; animation_type=&#8221;default&#8221; bg_image_animation=&#8221;none&#8221; border_type=&#8221;simple&#8221; column_border_width=&#8221;none&#8221; column_border_style=&#8221;solid&#8221; column_padding_type=&#8221;advanced&#8221; gradient_type=&#8221;default&#8221;][vc_row_inner column_margin=&#8221;default&#8221; column_direction=&#8221;default&#8221; column_direction_tablet=&#8221;default&#8221; column_direction_phone=&#8221;default&#8221; text_align=&#8221;left&#8221; row_position=&#8221;default&#8221; row_position_tablet=&#8221;inherit&#8221; row_position_phone=&#8221;inherit&#8221; overflow=&#8221;visible&#8221; pointer_events=&#8221;all&#8221;][vc_column_inner column_padding=&#8221;no-extra-padding&#8221; column_padding_tablet=&#8221;padding-4-percent&#8221; column_padding_phone=&#8221;padding-2-percent&#8221; column_padding_position=&#8221;all&#8221; bottom_margin=&#8221;4vw&#8221; bottom_margin_tablet=&#8221;0&#8243; column_element_direction_desktop=&#8221;default&#8221; column_element_spacing=&#8221;5px&#8221; desktop_text_alignment=&#8221;default&#8221; tablet_text_alignment=&#8221;default&#8221; phone_text_alignment=&#8221;default&#8221; background_color_opacity=&#8221;1&#8243; background_hover_color_opacity=&#8221;1&#8243; column_backdrop_filter=&#8221;none&#8221; column_shadow=&#8221;none&#8221; column_border_radius=&#8221;none&#8221; column_link_target=&#8221;_self&#8221; overflow=&#8221;visible&#8221; gradient_direction=&#8221;left_to_right&#8221; overlay_strength=&#8221;0.3&#8243; width=&#8221;1\/1&#8243; tablet_width_inherit=&#8221;default&#8221; animation_type=&#8221;default&#8221; enable_animation=&#8221;true&#8221; animation=&#8221;fade-in-from-bottom&#8221; animation_easing=&#8221;default&#8221; bg_image_animation=&#8221;none&#8221; border_type=&#8221;simple&#8221; column_border_width=&#8221;none&#8221; column_border_style=&#8221;solid&#8221; column_padding_type=&#8221;default&#8221; gradient_type=&#8221;default&#8221; animation_offset=&#8221;100%&#8221; offset=&#8221;vc_col-xs-6&#8243;][nectar_responsive_text font_size_desktop=&#8221;1.3vw&#8221; font_line_height=&#8221;1.4&#8243; font_size_tablet=&#8221;16px&#8221; font_size_phone=&#8221;14px&#8221; text_direction=&#8221;default&#8221;]info@skyone.aero<br \/>\nsales@skyone.aero[\/nectar_responsive_text][nectar_cta btn_style=&#8221;underline&#8221; heading_tag=&#8221;h6&#8243; button_color=&#8221;default&#8221; button_border_thickness=&#8221;0px&#8221; link_type=&#8221;regular&#8221; alignment=&#8221;left&#8221; alignment_tablet=&#8221;default&#8221; alignment_phone=&#8221;default&#8221; display=&#8221;block&#8221; display_tablet=&#8221;inherit&#8221; display_phone=&#8221;inherit&#8221; icon_family=&#8221;none&#8221; link_text=&#8221;Bize yaz\u0131n&#8221; font_size_desktop=&#8221;1.3vw&#8221; font_size_tablet=&#8221;16px&#8221; font_size_phone=&#8221;14px&#8221; margin_top=&#8221;20&#8243;][\/vc_column_inner][vc_column_inner column_padding=&#8221;no-extra-padding&#8221; column_padding_tablet=&#8221;padding-4-percent&#8221; column_padding_phone=&#8221;padding-2-percent&#8221; column_padding_position=&#8221;all&#8221; column_element_direction_desktop=&#8221;default&#8221; column_element_spacing=&#8221;5px&#8221; desktop_text_alignment=&#8221;default&#8221; tablet_text_alignment=&#8221;default&#8221; phone_text_alignment=&#8221;default&#8221; background_color_opacity=&#8221;1&#8243; background_hover_color_opacity=&#8221;1&#8243; column_backdrop_filter=&#8221;none&#8221; column_shadow=&#8221;none&#8221; column_border_radius=&#8221;none&#8221; column_link_target=&#8221;_self&#8221; overflow=&#8221;visible&#8221; gradient_direction=&#8221;left_to_right&#8221; overlay_strength=&#8221;0.3&#8243; width=&#8221;1\/1&#8243; tablet_width_inherit=&#8221;default&#8221; animation_type=&#8221;default&#8221; enable_animation=&#8221;true&#8221; animation=&#8221;fade-in-from-bottom&#8221; animation_easing=&#8221;default&#8221; bg_image_animation=&#8221;none&#8221; border_type=&#8221;simple&#8221; column_border_width=&#8221;none&#8221; column_border_style=&#8221;solid&#8221; column_padding_type=&#8221;default&#8221; gradient_type=&#8221;default&#8221; delay=&#8221;150&#8243; offset=&#8221;vc_col-xs-6&#8243;][nectar_responsive_text font_size_desktop=&#8221;1.3vw&#8221; font_line_height=&#8221;1.4&#8243; font_size_tablet=&#8221;16px&#8221; font_size_phone=&#8221;14px&#8221; text_direction=&#8221;default&#8221;]+971 6557 9577<br \/>\n+971 6749 7782[\/nectar_responsive_text][nectar_cta btn_style=&#8221;underline&#8221; heading_tag=&#8221;h6&#8243; button_color=&#8221;default&#8221; button_border_thickness=&#8221;0px&#8221; link_type=&#8221;regular&#8221; alignment=&#8221;left&#8221; alignment_tablet=&#8221;default&#8221; alignment_phone=&#8221;default&#8221; display=&#8221;block&#8221; display_tablet=&#8221;inherit&#8221; display_phone=&#8221;inherit&#8221; icon_family=&#8221;none&#8221; link_text=&#8221;Bizi \u015fimdi ara&#8221; font_size_desktop=&#8221;1.3vw&#8221; font_size_tablet=&#8221;16px&#8221; font_size_phone=&#8221;14px&#8221; margin_top=&#8221;20&#8243;][\/vc_column_inner][\/vc_row_inner][\/vc_column][vc_column column_element_direction_desktop=&#8221;default&#8221; column_element_spacing=&#8221;5px&#8221; centered_text=&#8221;true&#8221; desktop_text_alignment=&#8221;default&#8221; tablet_text_alignment=&#8221;default&#8221; phone_text_alignment=&#8221;default&#8221; background_color_opacity=&#8221;1&#8243; background_hover_color_opacity=&#8221;1&#8243; column_backdrop_filter=&#8221;none&#8221; column_shadow=&#8221;none&#8221; column_border_radius=&#8221;none&#8221; column_link_target=&#8221;_self&#8221; column_position=&#8221;default&#8221; gradient_direction=&#8221;left_to_right&#8221; overlay_strength=&#8221;0.3&#8243; width=&#8221;1\/2&#8243; tablet_width_inherit=&#8221;default&#8221; animation_type=&#8221;default&#8221; bg_image_animation=&#8221;none&#8221; border_type=&#8221;simple&#8221; column_border_width=&#8221;none&#8221; column_border_style=&#8221;solid&#8221; column_padding_type=&#8221;advanced&#8221; gradient_type=&#8221;default&#8221;][vc_row_inner column_margin=&#8221;default&#8221; column_direction=&#8221;default&#8221; column_direction_tablet=&#8221;default&#8221; column_direction_phone=&#8221;default&#8221; text_align=&#8221;left&#8221; row_position=&#8221;default&#8221; row_position_tablet=&#8221;inherit&#8221; row_position_phone=&#8221;inherit&#8221; zindex=&#8221;100&#8243; overflow=&#8221;visible&#8221; pointer_events=&#8221;all&#8221;][vc_column_inner column_padding=&#8221;no-extra-padding&#8221; column_padding_tablet=&#8221;inherit&#8221; column_padding_phone=&#8221;inherit&#8221; column_padding_position=&#8221;all&#8221; column_element_direction_desktop=&#8221;default&#8221; column_element_spacing=&#8221;5px&#8221; desktop_text_alignment=&#8221;default&#8221; tablet_text_alignment=&#8221;default&#8221; phone_text_alignment=&#8221;default&#8221; background_color_opacity=&#8221;1&#8243; background_hover_color_opacity=&#8221;1&#8243; column_backdrop_filter=&#8221;none&#8221; column_shadow=&#8221;none&#8221; column_border_radius=&#8221;none&#8221; column_link_target=&#8221;_self&#8221; overflow=&#8221;visible&#8221; gradient_direction=&#8221;left_to_right&#8221; overlay_strength=&#8221;0.3&#8243; width=&#8221;1\/1&#8243; tablet_width_inherit=&#8221;default&#8221; animation_type=&#8221;default&#8221; bg_image_animation=&#8221;none&#8221; border_type=&#8221;simple&#8221; column_border_width=&#8221;none&#8221; column_border_style=&#8221;solid&#8221; column_padding_type=&#8221;default&#8221; gradient_type=&#8221;default&#8221;][split_line_heading animation_type=&#8221;line-reveal-by-space&#8221; font_style=&#8221;h1&#8243; line_reveal_by_space_text_effect=&#8221;letter-reveal-bottom&#8221; content_alignment=&#8221;default&#8221; mobile_content_alignment=&#8221;inherit&#8221; link_target=&#8221;_self&#8221; text_content=&#8221;temas etmek&#8221; font_size=&#8221;8vw&#8221; font_line_height=&#8221;1&#8243; font_size_tablet=&#8221;12vw&#8221; text_direction=&#8221;default&#8221;][\/split_line_heading][split_line_heading animation_type=&#8221;line-reveal-by-space&#8221; font_style=&#8221;h1&#8243; line_reveal_by_space_text_effect=&#8221;letter-reveal-bottom&#8221; content_alignment=&#8221;default&#8221; mobile_content_alignment=&#8221;inherit&#8221; link_target=&#8221;_self&#8221; text_content=&#8221;SKY ONE&#8221; font_size=&#8221;8vw&#8221; font_line_height=&#8221;1&#8243; animation_delay=&#8221;200&#8243; font_size_tablet=&#8221;12vw&#8221; text_direction=&#8221;default&#8221;][\/split_line_heading][\/vc_column_inner][\/vc_row_inner][vc_row_inner column_margin=&#8221;default&#8221; column_direction=&#8221;default&#8221; column_direction_tablet=&#8221;default&#8221; column_direction_phone=&#8221;default&#8221; text_align=&#8221;left&#8221; row_position=&#8221;default&#8221; row_position_tablet=&#8221;inherit&#8221; row_position_phone=&#8221;inherit&#8221; overflow=&#8221;visible&#8221; pointer_events=&#8221;all&#8221;][vc_column_inner top_margin=&#8221;-4vw&#8221; top_margin_tablet=&#8221;-7vw&#8221; column_element_direction_desktop=&#8221;default&#8221; column_element_spacing=&#8221;default&#8221; desktop_text_alignment=&#8221;default&#8221; tablet_text_alignment=&#8221;default&#8221; phone_text_alignment=&#8221;default&#8221; background_color=&#8221;#f7f3ef&#8221; background_color_opacity=&#8221;1&#8243; background_hover_color_opacity=&#8221;1&#8243; column_backdrop_filter=&#8221;none&#8221; column_shadow=&#8221;none&#8221; column_border_radius=&#8221;none&#8221; column_link_target=&#8221;_self&#8221; overflow=&#8221;visible&#8221; gradient_direction=&#8221;left_to_right&#8221; overlay_strength=&#8221;0.3&#8243; width=&#8221;1\/1&#8243; tablet_width_inherit=&#8221;default&#8221; animation_type=&#8221;default&#8221; bg_image_animation=&#8221;none&#8221; border_type=&#8221;simple&#8221; column_border_width=&#8221;none&#8221; column_border_style=&#8221;solid&#8221; mask_enable=&#8221;true&#8221; mask_shape=&#8221;circle-rect&#8221; mask_size=&#8221;cover&#8221; mask_alignment_desktop=&#8221;center-top&#8221; column_padding_type=&#8221;advanced&#8221; gradient_type=&#8221;default&#8221;][image_with_animation image_url=&#8221;6548&#8243; image_size=&#8221;full&#8221; animation_type=&#8221;entrance&#8221; animation=&#8221;slide-up&#8221; animation_easing=&#8221;default&#8221; animation_movement_type=&#8221;transform_y&#8221; hover_animation=&#8221;none&#8221; alignment=&#8221;center&#8221; border_radius=&#8221;none&#8221; box_shadow=&#8221;none&#8221; image_loading=&#8221;default&#8221; max_width=&#8221;125%&#8221; max_width_mobile=&#8221;default&#8221;][\/vc_column_inner][\/vc_row_inner][\/vc_column][vc_column bottom_padding_desktop=&#8221;8vw&#8221; column_element_direction_desktop=&#8221;default&#8221; column_element_spacing=&#8221;default&#8221; desktop_text_alignment=&#8221;default&#8221; tablet_text_alignment=&#8221;default&#8221; phone_text_alignment=&#8221;default&#8221; background_color_opacity=&#8221;1&#8243; background_hover_color_opacity=&#8221;1&#8243; column_backdrop_filter=&#8221;none&#8221; column_shadow=&#8221;none&#8221; column_border_radius=&#8221;none&#8221; column_link_target=&#8221;_self&#8221; column_position=&#8221;default&#8221; gradient_direction=&#8221;left_to_right&#8221; overlay_strength=&#8221;0.3&#8243; width=&#8221;1\/4&#8243; tablet_width_inherit=&#8221;default&#8221; animation_type=&#8221;default&#8221; bg_image_animation=&#8221;none&#8221; border_type=&#8221;simple&#8221; column_border_width=&#8221;none&#8221; column_border_style=&#8221;solid&#8221; column_padding_type=&#8221;advanced&#8221; gradient_type=&#8221;default&#8221; offset=&#8221;vc_hidden-sm vc_hidden-xs&#8221;][vc_row_inner column_margin=&#8221;default&#8221; column_direction=&#8221;default&#8221; column_direction_tablet=&#8221;default&#8221; column_direction_phone=&#8221;default&#8221; text_align=&#8221;left&#8221; row_position=&#8221;default&#8221; row_position_tablet=&#8221;inherit&#8221; row_position_phone=&#8221;inherit&#8221; overflow=&#8221;visible&#8221; pointer_events=&#8221;all&#8221;][vc_column_inner column_padding=&#8221;no-extra-padding&#8221; column_padding_tablet=&#8221;inherit&#8221; column_padding_phone=&#8221;inherit&#8221; column_padding_position=&#8221;all&#8221; column_element_direction_desktop=&#8221;default&#8221; column_element_spacing=&#8221;5px&#8221; desktop_text_alignment=&#8221;default&#8221; tablet_text_alignment=&#8221;default&#8221; phone_text_alignment=&#8221;default&#8221; background_color_opacity=&#8221;1&#8243; background_hover_color_opacity=&#8221;1&#8243; column_backdrop_filter=&#8221;none&#8221; column_shadow=&#8221;none&#8221; column_border_radius=&#8221;none&#8221; column_link_target=&#8221;_self&#8221; overflow=&#8221;visible&#8221; gradient_direction=&#8221;left_to_right&#8221; overlay_strength=&#8221;0.3&#8243; width=&#8221;1\/1&#8243; tablet_width_inherit=&#8221;default&#8221; animation_type=&#8221;default&#8221; enable_animation=&#8221;true&#8221; animation=&#8221;fade-in-from-bottom&#8221; animation_easing=&#8221;default&#8221; bg_image_animation=&#8221;none&#8221; border_type=&#8221;simple&#8221; column_border_width=&#8221;none&#8221; column_border_style=&#8221;solid&#8221; column_padding_type=&#8221;default&#8221; gradient_type=&#8221;default&#8221;][nectar_responsive_text font_size_desktop=&#8221;1.3vw&#8221; font_line_height=&#8221;1&#8243; text_direction=&#8221;default&#8221;]\n<h6>Tek durakl\u0131 Havac\u0131l\u0131k \u00c7\u00f6z\u00fcm\u00fcn\u00fcz<\/h6>\n[\/nectar_responsive_text][\/vc_column_inner][\/vc_row_inner][vc_row_inner column_margin=&#8221;default&#8221; column_direction=&#8221;default&#8221; column_direction_tablet=&#8221;default&#8221; column_direction_phone=&#8221;default&#8221; text_align=&#8221;left&#8221; row_position=&#8221;default&#8221; row_position_tablet=&#8221;inherit&#8221; row_position_phone=&#8221;inherit&#8221; overflow=&#8221;visible&#8221; pointer_events=&#8221;all&#8221;][vc_column_inner column_padding=&#8221;no-extra-padding&#8221; column_padding_tablet=&#8221;inherit&#8221; column_padding_phone=&#8221;inherit&#8221; column_padding_position=&#8221;all&#8221; column_element_direction_desktop=&#8221;default&#8221; column_element_spacing=&#8221;5px&#8221; desktop_text_alignment=&#8221;default&#8221; tablet_text_alignment=&#8221;default&#8221; phone_text_alignment=&#8221;default&#8221; background_color_opacity=&#8221;1&#8243; background_hover_color_opacity=&#8221;1&#8243; column_backdrop_filter=&#8221;none&#8221; column_shadow=&#8221;none&#8221; column_border_radius=&#8221;none&#8221; column_link_target=&#8221;_self&#8221; overflow=&#8221;visible&#8221; gradient_direction=&#8221;left_to_right&#8221; overlay_strength=&#8221;0.3&#8243; width=&#8221;1\/1&#8243; tablet_width_inherit=&#8221;default&#8221; animation_type=&#8221;default&#8221; enable_animation=&#8221;true&#8221; animation=&#8221;fade-in-from-bottom&#8221; animation_easing=&#8221;default&#8221; bg_image_animation=&#8221;none&#8221; border_type=&#8221;simple&#8221; column_border_width=&#8221;none&#8221; column_border_style=&#8221;solid&#8221; column_padding_type=&#8221;default&#8221; gradient_type=&#8221;default&#8221;][nectar_responsive_text font_size_desktop=&#8221;1.3vw&#8221; font_line_height=&#8221;1&#8243; text_direction=&#8221;default&#8221;]B1-01-04A, Saif Zone &#8211; Sharjah, United Arab Emirates[\/nectar_responsive_text][\/vc_column_inner][\/vc_row_inner][\/vc_column][\/vc_row][vc_row type=&#8221;full_width_content&#8221; full_screen_row_position=&#8221;middle&#8221; column_margin=&#8221;default&#8221; column_direction=&#8221;default&#8221; column_direction_tablet=&#8221;default&#8221; column_direction_phone=&#8221;default&#8221; bg_color=&#8221;#ffffff&#8221; scene_position=&#8221;center&#8221; text_color=&#8221;dark&#8221; text_align=&#8221;left&#8221; row_border_radius=&#8221;none&#8221; row_border_radius_applies=&#8221;bg&#8221; overflow=&#8221;visible&#8221; overlay_strength=&#8221;0.3&#8243; gradient_direction=&#8221;left_to_right&#8221; shape_divider_position=&#8221;bottom&#8221; bg_image_animation=&#8221;none&#8221;][vc_column column_padding=&#8221;no-extra-padding&#8221; column_padding_tablet=&#8221;inherit&#8221; column_padding_phone=&#8221;inherit&#8221; column_padding_position=&#8221;all&#8221; column_element_direction_desktop=&#8221;default&#8221; column_element_spacing=&#8221;default&#8221; desktop_text_alignment=&#8221;default&#8221; tablet_text_alignment=&#8221;default&#8221; phone_text_alignment=&#8221;default&#8221; background_color_opacity=&#8221;1&#8243; background_hover_color_opacity=&#8221;1&#8243; column_backdrop_filter=&#8221;none&#8221; column_shadow=&#8221;none&#8221; column_border_radius=&#8221;none&#8221; column_link_target=&#8221;_self&#8221; column_position=&#8221;default&#8221; gradient_direction=&#8221;left_to_right&#8221; overlay_strength=&#8221;0.3&#8243; width=&#8221;1\/1&#8243; tablet_width_inherit=&#8221;default&#8221; animation_type=&#8221;default&#8221; bg_image_animation=&#8221;none&#8221; border_type=&#8221;simple&#8221; column_border_width=&#8221;none&#8221; column_border_style=&#8221;solid&#8221;][vc_raw_html]JTNDaWZyYW1lJTIwc3JjJTNEJTIyaHR0cHMlM0ElMkYlMkZ3d3cuZ29vZ2xlLmNvbSUyRm1hcHMlMkZlbWJlZCUzRnBiJTNEJTIxMW0xNCUyMTFtOCUyMTFtMyUyMTFkNDg1MDUuMDgwODMzNTQ2MyUyMTJkNTUuNDI1NDk1MjIyNjMzNiUyMTNkMjUuMzY1ODk2NTE5Nzk5MDQ4JTIxM20yJTIxMWkxMDI0JTIxMmk3NjglMjE0ZjEzLjElMjEzbTMlMjExbTIlMjExczB4M2U1ZjVmNzRjZjVmNDljYiUyNTNBMHg5ZGM2OTdmNTk0OWFlODk3JTIxMnNTa3klMjUyME9uZSUyNTIwRlpFJTIxNWUwJTIxM20yJTIxMXNlbiUyMTJzdXMlMjE0djE3MDc3MjU4MjY5NjclMjE1bTIlMjExc2VuJTIxMnN1cyUyMiUyMHdpZHRoJTNEJTIyMTAwJTI1JTIyJTIwaGVpZ2h0JTNEJTIyNTUwJTIyJTIwc3R5bGUlM0QlMjJib3JkZXIlM0EwJTNCJTIyJTIwYWxsb3dmdWxsc2NyZWVuJTNEJTIyJTIyJTIwbG9hZGluZyUzRCUyMmxhenklMjIlMjByZWZlcnJlcnBvbGljeSUzRCUyMm5vLXJlZmVycmVyLXdoZW4tZG93bmdyYWRlJTIyJTNFJTNDJTJGaWZyYW1lJTNF[\/vc_raw_html][\/vc_column][\/vc_row]\n","protected":false},"excerpt":{"rendered":"<p>[vc_row type=&#8221;full_width_content&#8221; full_screen_row_position=&#8221;middle&#8221; column_margin=&#8221;custom&#8221; column_margin_custom=&#8221;8%&#8221; equal_height=&#8221;yes&#8221; content_placement=&#8221;bottom&#8221; column_direction=&#8221;default&#8221; column_direction_tablet=&#8221;default&#8221; column_direction_phone=&#8221;default&#8221; scene_position=&#8221;center&#8221; top_padding=&#8221;8%&#8221; left_padding_desktop=&#8221;8%&#8221; constrain_group_2=&#8221;yes&#8221; right_padding_desktop=&#8221;8%&#8221; top_padding_tablet=&#8221;15%&#8221; text_color=&#8221;dark&#8221; text_align=&#8221;left&#8221; row_border_radius=&#8221;none&#8221; row_border_radius_applies=&#8221;bg&#8221; overflow=&#8221;hidden&#8221; advanced_gradient=&#8221;radial-gradient(circle at top right, rgb(18, 56, 33) 4%, rgb(247,243,239)&#8230;<\/p>\n","protected":false},"author":1,"featured_media":0,"parent":0,"menu_order":0,"comment_status":"closed","ping_status":"closed","template":"","meta":{"footnotes":""},"class_list":["post-6476","page","type-page","status-publish"],"yoast_head":"<!-- This site is optimized with the Yoast SEO plugin v27.3 - https:\/\/yoast.com\/product\/yoast-seo-wordpress\/ -->\n<title>U\u00e7ak Bak\u0131m\u0131 T\u00fcrkiye - SkyOne<\/title>\n<meta name=\"description\" content=\"SkyOne T\u00fcrkiye&#039;de u\u00e7ak bak\u0131m\u0131 hizmeti vermektedir. U\u00e7ak bak\u0131m\u0131 T\u00fcrkiye profesyonel bak\u0131m ve onar\u0131m hizmetleri sunmaktad\u0131r.\" \/>\n<meta name=\"robots\" content=\"index, follow, max-snippet:-1, max-image-preview:large, max-video-preview:-1\" \/>\n<link rel=\"canonical\" href=\"https:\/\/www.skyone.aero\/turkey\/contact-us\/\" \/>\n<meta property=\"og:locale\" content=\"en_US\" \/>\n<meta property=\"og:type\" content=\"article\" \/>\n<meta property=\"og:title\" content=\"U\u00e7ak Bak\u0131m\u0131 T\u00fcrkiye - SkyOne\" \/>\n<meta property=\"og:description\" content=\"SkyOne T\u00fcrkiye&#039;de u\u00e7ak bak\u0131m\u0131 hizmeti vermektedir. U\u00e7ak bak\u0131m\u0131 T\u00fcrkiye profesyonel bak\u0131m ve onar\u0131m hizmetleri sunmaktad\u0131r.\" \/>\n<meta property=\"og:url\" content=\"https:\/\/www.skyone.aero\/turkey\/contact-us\/\" \/>\n<meta property=\"og:site_name\" content=\"Sky One\" \/>\n<meta property=\"article:publisher\" content=\"https:\/\/www.facebook.com\/skyoneaero\/\" \/>\n<meta property=\"article:modified_time\" content=\"2024-09-05T11:07:44+00:00\" \/>\n<meta name=\"twitter:card\" content=\"summary_large_image\" \/>\n<meta name=\"twitter:site\" content=\"@skyonefze\" \/>\n<meta name=\"twitter:label1\" content=\"Est. reading time\" \/>\n\t<meta name=\"twitter:data1\" content=\"3 minutes\" \/>\n<!-- \/ Yoast SEO plugin. -->","yoast_head_json":{"title":"U\u00e7ak Bak\u0131m\u0131 T\u00fcrkiye - SkyOne","description":"SkyOne T\u00fcrkiye'de u\u00e7ak bak\u0131m\u0131 hizmeti vermektedir. U\u00e7ak bak\u0131m\u0131 T\u00fcrkiye profesyonel bak\u0131m ve onar\u0131m hizmetleri sunmaktad\u0131r.","robots":{"index":"index","follow":"follow","max-snippet":"max-snippet:-1","max-image-preview":"max-image-preview:large","max-video-preview":"max-video-preview:-1"},"canonical":"https:\/\/www.skyone.aero\/turkey\/contact-us\/","og_locale":"en_US","og_type":"article","og_title":"U\u00e7ak Bak\u0131m\u0131 T\u00fcrkiye - SkyOne","og_description":"SkyOne T\u00fcrkiye'de u\u00e7ak bak\u0131m\u0131 hizmeti vermektedir. U\u00e7ak bak\u0131m\u0131 T\u00fcrkiye profesyonel bak\u0131m ve onar\u0131m hizmetleri sunmaktad\u0131r.","og_url":"https:\/\/www.skyone.aero\/turkey\/contact-us\/","og_site_name":"Sky One","article_publisher":"https:\/\/www.facebook.com\/skyoneaero\/","article_modified_time":"2024-09-05T11:07:44+00:00","twitter_card":"summary_large_image","twitter_site":"@skyonefze","twitter_misc":{"Est. reading time":"3 minutes"},"schema":{"@context":"https:\/\/schema.org","@graph":[{"@type":"WebPage","@id":"https:\/\/www.skyone.aero\/turkey\/contact-us\/","url":"https:\/\/www.skyone.aero\/turkey\/contact-us\/","name":"U\u00e7ak Bak\u0131m\u0131 T\u00fcrkiye - SkyOne","isPartOf":{"@id":"https:\/\/www.skyone.aero\/turkey\/#website"},"datePublished":"2024-02-12T08:05:40+00:00","dateModified":"2024-09-05T11:07:44+00:00","description":"SkyOne T\u00fcrkiye'de u\u00e7ak bak\u0131m\u0131 hizmeti vermektedir. U\u00e7ak bak\u0131m\u0131 T\u00fcrkiye profesyonel bak\u0131m ve onar\u0131m hizmetleri sunmaktad\u0131r.","inLanguage":"en","potentialAction":[{"@type":"ReadAction","target":["https:\/\/www.skyone.aero\/turkey\/contact-us\/"]}]},{"@type":"WebSite","@id":"https:\/\/www.skyone.aero\/turkey\/#website","url":"https:\/\/www.skyone.aero\/turkey\/","name":"Sky One","description":"Your one-stop shop Aviation Solution","publisher":{"@id":"https:\/\/www.skyone.aero\/turkey\/#organization"},"potentialAction":[{"@type":"SearchAction","target":{"@type":"EntryPoint","urlTemplate":"https:\/\/www.skyone.aero\/turkey\/?s={search_term_string}"},"query-input":{"@type":"PropertyValueSpecification","valueRequired":true,"valueName":"search_term_string"}}],"inLanguage":"en"},{"@type":"Organization","@id":"https:\/\/www.skyone.aero\/turkey\/#organization","name":"Sky One","url":"https:\/\/www.skyone.aero\/turkey\/","logo":{"@type":"ImageObject","inLanguage":"en","@id":"https:\/\/www.skyone.aero\/turkey\/#\/schema\/logo\/image\/","url":"https:\/\/www.skyone.aero\/turkey\/wp-content\/uploads\/2024\/02\/skyone-logo-black.png","contentUrl":"https:\/\/www.skyone.aero\/turkey\/wp-content\/uploads\/2024\/02\/skyone-logo-black.png","width":1915,"height":537,"caption":"Sky One"},"image":{"@id":"https:\/\/www.skyone.aero\/turkey\/#\/schema\/logo\/image\/"},"sameAs":["https:\/\/www.facebook.com\/skyoneaero\/","https:\/\/x.com\/skyonefze"]}]}},"_links":{"self":[{"href":"https:\/\/www.skyone.aero\/turkey\/wp-json\/wp\/v2\/pages\/6476","targetHints":{"allow":["GET"]}}],"collection":[{"href":"https:\/\/www.skyone.aero\/turkey\/wp-json\/wp\/v2\/pages"}],"about":[{"href":"https:\/\/www.skyone.aero\/turkey\/wp-json\/wp\/v2\/types\/page"}],"author":[{"embeddable":true,"href":"https:\/\/www.skyone.aero\/turkey\/wp-json\/wp\/v2\/users\/1"}],"replies":[{"embeddable":true,"href":"https:\/\/www.skyone.aero\/turkey\/wp-json\/wp\/v2\/comments?post=6476"}],"version-history":[{"count":28,"href":"https:\/\/www.skyone.aero\/turkey\/wp-json\/wp\/v2\/pages\/6476\/revisions"}],"predecessor-version":[{"id":6655,"href":"https:\/\/www.skyone.aero\/turkey\/wp-json\/wp\/v2\/pages\/6476\/revisions\/6655"}],"wp:attachment":[{"href":"https:\/\/www.skyone.aero\/turkey\/wp-json\/wp\/v2\/media?parent=6476"}],"curies":[{"name":"wp","href":"https:\/\/api.w.org\/{rel}","templated":true}]}}